{"id":2175,"date":"2023-03-23T02:32:55","date_gmt":"2023-03-23T02:32:55","guid":{"rendered":"https:\/\/conaduh.shanzai.com.ar\/?page_id=2175"},"modified":"2023-05-15T21:44:47","modified_gmt":"2023-05-15T21:44:47","slug":"direcciones","status":"publish","type":"page","link":"https:\/\/conaduh.shanzai.com.ar\/?page_id=2175","title":{"rendered":"DIRECCI\u00d3N"},"content":{"rendered":"\n<p class=\"has-text-color has-large-font-size\" style=\"color:#184d98;font-style:normal;font-weight:100\">G\u00c9NERO Y DIVERSIDAD<\/p>\n\n\n<ul class=\"wp-block-latest-posts__list wp-block-latest-posts\"><li><div class=\"wp-block-latest-posts__featured-image\"><img loading=\"lazy\" decoding=\"async\" width=\"300\" height=\"113\" src=\"https:\/\/conaduh.shanzai.com.ar\/wp-content\/uploads\/2023\/05\/WhatsApp-Image-2022-05-27-at-1.09.42-PM-1-1200x450-1-300x113.jpeg\" class=\"attachment-medium size-medium wp-post-image\" alt=\"\" style=\"\" srcset=\"https:\/\/conaduh.shanzai.com.ar\/wp-content\/uploads\/2023\/05\/WhatsApp-Image-2022-05-27-at-1.09.42-PM-1-1200x450-1-300x113.jpeg 300w, https:\/\/conaduh.shanzai.com.ar\/wp-content\/uploads\/2023\/05\/WhatsApp-Image-2022-05-27-at-1.09.42-PM-1-1200x450-1-1024x384.jpeg 1024w, https:\/\/conaduh.shanzai.com.ar\/wp-content\/uploads\/2023\/05\/WhatsApp-Image-2022-05-27-at-1.09.42-PM-1-1200x450-1-768x288.jpeg 768w, https:\/\/conaduh.shanzai.com.ar\/wp-content\/uploads\/2023\/05\/WhatsApp-Image-2022-05-27-at-1.09.42-PM-1-1200x450-1.jpeg 1200w\" sizes=\"auto, (max-width: 300px) 100vw, 300px\" \/><\/div><a class=\"wp-block-latest-posts__post-title\" href=\"https:\/\/conaduh.shanzai.com.ar\/?p=2519\">LA DIRECCI\u00d3N DE G\u00c9NEROS DE CONADU HIST\u00d3RICA PARTICIPA DE LAS JORNADAS \u201cHACIENDO UNIVERSIDADES FEMINISTAS\u201d<\/a><\/li>\n<\/ul>","protected":false},"excerpt":{"rendered":"<p>G\u00c9NERO Y DIVERSIDAD<\/p>\n","protected":false},"author":2,"featured_media":0,"parent":1838,"menu_order":1,"comment_status":"closed","ping_status":"closed","template":"","meta":{"colormag_page_layout":"default_layout","_themeisle_gutenberg_block_has_review":false,"footnotes":""},"class_list":["post-2175","page","type-page","status-publish","hentry"],"magazineBlocksPostFeaturedMedia":{"thumbnail":false,"medium":false,"medium_large":false,"large":false,"1536x1536":false,"2048x2048":false,"colormag-highlighted-post":false,"colormag-featured-post-medium":false,"colormag-featured-post-small":false,"colormag-featured-image":false,"colormag-default-news":false,"colormag-featured-image-large":false},"magazineBlocksPostAuthor":{"name":"tania","avatar":"https:\/\/secure.gravatar.com\/avatar\/bbc750f65ffe6910a3fbd6a59dd0cc0b163eb75ca1c96cdd815ad8dfc7d9947e?s=96&d=mm&r=g"},"magazineBlocksPostCommentsNumber":false,"magazineBlocksPostExcerpt":"G\u00c9NERO Y DIVERSIDAD","magazineBlocksPostCategories":[],"magazineBlocksPostViewCount":0,"magazineBlocksPostReadTime":1,"_links":{"self":[{"href":"https:\/\/conaduh.shanzai.com.ar\/index.php?rest_route=\/wp\/v2\/pages\/2175","targetHints":{"allow":["GET"]}}],"collection":[{"href":"https:\/\/conaduh.shanzai.com.ar\/index.php?rest_route=\/wp\/v2\/pages"}],"about":[{"href":"https:\/\/conaduh.shanzai.com.ar\/index.php?rest_route=\/wp\/v2\/types\/page"}],"author":[{"embeddable":true,"href":"https:\/\/conaduh.shanzai.com.ar\/index.php?rest_route=\/wp\/v2\/users\/2"}],"replies":[{"embeddable":true,"href":"https:\/\/conaduh.shanzai.com.ar\/index.php?rest_route=%2Fwp%2Fv2%2Fcomments&post=2175"}],"version-history":[{"count":9,"href":"https:\/\/conaduh.shanzai.com.ar\/index.php?rest_route=\/wp\/v2\/pages\/2175\/revisions"}],"predecessor-version":[{"id":2546,"href":"https:\/\/conaduh.shanzai.com.ar\/index.php?rest_route=\/wp\/v2\/pages\/2175\/revisions\/2546"}],"up":[{"embeddable":true,"href":"https:\/\/conaduh.shanzai.com.ar\/index.php?rest_route=\/wp\/v2\/pages\/1838"}],"wp:attachment":[{"href":"https:\/\/conaduh.shanzai.com.ar\/index.php?rest_route=%2Fwp%2Fv2%2Fmedia&parent=2175"}],"curies":[{"name":"wp","href":"https:\/\/api.w.org\/{rel}","templated":true}]}}