{"id":1928,"date":"2023-03-20T18:26:58","date_gmt":"2023-03-20T18:26:58","guid":{"rendered":"https:\/\/conaduh.shanzai.com.ar\/?page_id=1928"},"modified":"2023-05-12T14:29:19","modified_gmt":"2023-05-12T14:29:19","slug":"institucionales","status":"publish","type":"page","link":"https:\/\/conaduh.shanzai.com.ar\/?page_id=1928","title":{"rendered":"INSTITUCIONALES"},"content":{"rendered":"\n<figure class=\"wp-block-image alignfull size-large\"><img loading=\"lazy\" decoding=\"async\" width=\"1024\" height=\"269\" src=\"https:\/\/conaduh.shanzai.com.ar\/wp-content\/uploads\/2023\/05\/foto1-1024x269.jpg\" alt=\"\" class=\"wp-image-2490\" srcset=\"https:\/\/conaduh.shanzai.com.ar\/wp-content\/uploads\/2023\/05\/foto1-1024x269.jpg 1024w, https:\/\/conaduh.shanzai.com.ar\/wp-content\/uploads\/2023\/05\/foto1-300x79.jpg 300w, https:\/\/conaduh.shanzai.com.ar\/wp-content\/uploads\/2023\/05\/foto1-768x202.jpg 768w, https:\/\/conaduh.shanzai.com.ar\/wp-content\/uploads\/2023\/05\/foto1-1536x403.jpg 1536w, https:\/\/conaduh.shanzai.com.ar\/wp-content\/uploads\/2023\/05\/foto1.jpg 1600w\" sizes=\"auto, (max-width: 1024px) 100vw, 1024px\" \/><\/figure>\n\n\n\n<hr class=\"wp-block-separator has-alpha-channel-opacity\"\/>\n\n\n\n<p class=\"has-small-font-size\">Somos una Federaci\u00f3n Nacional que nuclea a Asociaciones de Docentes, Investigadores, Creadores y Artistas de las UUNN.<\/p>\n\n\n\n<p class=\"has-small-font-size\">Asumimos como principio fundacional la defensa a ultranza de la Educaci\u00f3n y Universidad P\u00fablicas, y de los derechos laborales, salariales y pol\u00edticos de nuestros representados.<\/p>\n","protected":false},"excerpt":{"rendered":"<p>Somos una Federaci\u00f3n Nacional que nuclea a Asociaciones de Docentes, Investigadores, Creadores y Artistas de las UUNN. Asumimos como principio<\/p>\n","protected":false},"author":2,"featured_media":0,"parent":1925,"menu_order":1,"comment_status":"closed","ping_status":"closed","template":"","meta":{"colormag_page_layout":"no_sidebar_content_centered","_themeisle_gutenberg_block_has_review":false,"footnotes":""},"class_list":["post-1928","page","type-page","status-publish","hentry"],"magazineBlocksPostFeaturedMedia":{"thumbnail":false,"medium":false,"medium_large":false,"large":false,"1536x1536":false,"2048x2048":false,"colormag-highlighted-post":false,"colormag-featured-post-medium":false,"colormag-featured-post-small":false,"colormag-featured-image":false,"colormag-default-news":false,"colormag-featured-image-large":false},"magazineBlocksPostAuthor":{"name":"tania","avatar":"https:\/\/secure.gravatar.com\/avatar\/bbc750f65ffe6910a3fbd6a59dd0cc0b163eb75ca1c96cdd815ad8dfc7d9947e?s=96&d=mm&r=g"},"magazineBlocksPostCommentsNumber":false,"magazineBlocksPostExcerpt":"Somos una Federaci\u00f3n Nacional que nuclea a Asociaciones de Docentes, Investigadores, Creadores y Artistas de las UUNN. Asumimos como principio","magazineBlocksPostCategories":[],"magazineBlocksPostViewCount":0,"magazineBlocksPostReadTime":1,"_links":{"self":[{"href":"https:\/\/conaduh.shanzai.com.ar\/index.php?rest_route=\/wp\/v2\/pages\/1928","targetHints":{"allow":["GET"]}}],"collection":[{"href":"https:\/\/conaduh.shanzai.com.ar\/index.php?rest_route=\/wp\/v2\/pages"}],"about":[{"href":"https:\/\/conaduh.shanzai.com.ar\/index.php?rest_route=\/wp\/v2\/types\/page"}],"author":[{"embeddable":true,"href":"https:\/\/conaduh.shanzai.com.ar\/index.php?rest_route=\/wp\/v2\/users\/2"}],"replies":[{"embeddable":true,"href":"https:\/\/conaduh.shanzai.com.ar\/index.php?rest_route=%2Fwp%2Fv2%2Fcomments&post=1928"}],"version-history":[{"count":18,"href":"https:\/\/conaduh.shanzai.com.ar\/index.php?rest_route=\/wp\/v2\/pages\/1928\/revisions"}],"predecessor-version":[{"id":2491,"href":"https:\/\/conaduh.shanzai.com.ar\/index.php?rest_route=\/wp\/v2\/pages\/1928\/revisions\/2491"}],"up":[{"embeddable":true,"href":"https:\/\/conaduh.shanzai.com.ar\/index.php?rest_route=\/wp\/v2\/pages\/1925"}],"wp:attachment":[{"href":"https:\/\/conaduh.shanzai.com.ar\/index.php?rest_route=%2Fwp%2Fv2%2Fmedia&parent=1928"}],"curies":[{"name":"wp","href":"https:\/\/api.w.org\/{rel}","templated":true}]}}