{"id":1838,"date":"2023-03-17T21:03:40","date_gmt":"2023-03-17T21:03:40","guid":{"rendered":"https:\/\/conaduh.shanzai.com.ar\/?page_id=1838"},"modified":"2023-03-31T14:22:38","modified_gmt":"2023-03-31T14:22:38","slug":"home1","status":"publish","type":"page","link":"https:\/\/conaduh.shanzai.com.ar\/?page_id=1838","title":{"rendered":"SECRETAR\u00cdAS"},"content":{"rendered":"\n<figure class=\"wp-block-table is-style-stripes has-small-font-size\" style=\"font-style:normal;font-weight:300\"><table class=\"has-text-color has-background has-fixed-layout\" style=\"color:#164e92;background-color:#164e92\"><tbody><tr><td class=\"has-text-align-center\" data-align=\"center\"><a href=\"#\"><strong>Sec<\/strong>r<strong>etar\u00eda General<\/strong><\/a><br>Francisca Staiti (FADIUNC)<\/td><td class=\"has-text-align-center\" data-align=\"center\"><strong>Secretar\u00eda de Finanzas<\/strong><br>Karina Dodman (ADIUNPA), titular \u2013 M\u00f3nica Fr\u00edas (ADUF), suplente.<\/td><\/tr><tr><td class=\"has-text-align-center\" data-align=\"center\"><\/td><td class=\"has-text-align-center\" data-align=\"center\"><\/td><\/tr><tr><td class=\"has-text-align-center\" data-align=\"center\"><strong><a href=\"#\">Secretar\u00eda Adjunta<\/a><\/strong><br>Oscar Vallejos (ADUL)<\/td><td class=\"has-text-align-center\" data-align=\"center\"><strong>Secretar\u00eda de Prensa y Difusi\u00f3n<\/strong><br>Diego Costa (ADU San Luis), titular \u2013 Alberto Hilal (AGD UNA), suplente.<\/td><\/tr><tr><td class=\"has-text-align-center\" data-align=\"center\"><\/td><td class=\"has-text-align-center\" data-align=\"center\"><\/td><\/tr><tr><td class=\"has-text-align-center\" data-align=\"center\"><strong><a href=\"#\">Secretar\u00eda Gremial<\/a><\/strong><br>Luis Tiscornia (ADUNC), titular \u2013 Jaime Barcelona (ADICUS) , suplente.<\/td><td class=\"has-text-align-center\" data-align=\"center\"><strong>Secretar\u00eda de Acci\u00f3n Social<\/strong><br>Antonio Rossell\u00f3 (AGD UBA), titular \u2013 Patricio Grande (ADUNLu), suplente.<\/td><\/tr><tr><td class=\"has-text-align-center\" data-align=\"center\"><\/td><td class=\"has-text-align-center\" data-align=\"center\"><\/td><\/tr><tr><td class=\"has-text-align-center\" data-align=\"center\"><strong><a href=\"#\">Secretar\u00eda T\u00e9cnica de Perfeccionamiento y Actualizaci\u00f3n docente<\/a><\/strong><br>Claudia Baigorria (ADUL), titular \u2013 Horacio Valentini (SIDUT), suplente.<\/td><td class=\"has-text-align-center\" data-align=\"center\"><strong>Secretar\u00eda de Derechos Humanos<\/strong><br>Elena Gonz\u00e1lez (ADU PSJB) \u2013 Diego Maita (ADIUNSA), suplente.<\/td><\/tr><tr><td class=\"has-text-align-center\" data-align=\"center\"><\/td><td class=\"has-text-align-center\" data-align=\"center\"><\/td><\/tr><tr><td class=\"has-text-align-center\" data-align=\"center\"><strong>Secretar\u00eda de Relaciones Internacionales<\/strong><br>Tamara Perelmuter (AGD UBA), titular \u2013 Miriam Mart\u00edn Lorenzatti (ADU La Pampa).<\/td><td class=\"has-text-align-center\" data-align=\"center\"><strong>Secretar\u00eda de Niveles Preuniversitarios<\/strong><br>Sergio Zaninelli (ADUNS), titular \u2013 F\u00e1tima Quipildor (ADIUNT).<\/td><\/tr><tr><td class=\"has-text-align-center\" data-align=\"center\"><\/td><td class=\"has-text-align-center\" data-align=\"center\"><\/td><\/tr><tr><td class=\"has-text-align-center\" data-align=\"center\"><strong>Secretar\u00eda de Organizaci\u00f3n<\/strong><br>Juan Arturo G\u00f3mez (ADU San Luis), titular \u2013 Diego Toscano (ADIUNT), suplente.<\/td><td class=\"has-text-align-center\" data-align=\"center\"><strong>COMISI\u00d3N REVISORA DE CUENTAS CONADU HIST\u00d3RICA PERIODO 2022-2025<\/strong><br>Titulares: Jos\u00e9 S\u00e1nchez (ADUNCOR), Rita Villegas (ADIUNPA), Gladys Perri (Luj\u00e1n)<br>Suplentes: Walter D\u00edaz (ADIUNT), Alejandro Graber (ARDU), Nicol\u00e1s Pellegrini (Luj\u00e1n)<\/td><\/tr><tr><td class=\"has-text-align-center\" data-align=\"center\"><\/td><td class=\"has-text-align-center\" data-align=\"center\"><\/td><\/tr><\/tbody><\/table><\/figure>\n","protected":false},"excerpt":{"rendered":"<p>Secretar\u00eda GeneralFrancisca Staiti (FADIUNC) Secretar\u00eda de FinanzasKarina Dodman (ADIUNPA), titular \u2013 M\u00f3nica Fr\u00edas (ADUF), suplente. Secretar\u00eda AdjuntaOscar Vallejos (ADUL) Secretar\u00eda<\/p>\n","protected":false},"author":2,"featured_media":0,"parent":0,"menu_order":0,"comment_status":"closed","ping_status":"closed","template":"","meta":{"colormag_page_layout":"no_sidebar_full_width","_themeisle_gutenberg_block_has_review":false,"footnotes":""},"class_list":["post-1838","page","type-page","status-publish","hentry"],"magazineBlocksPostFeaturedMedia":{"thumbnail":false,"medium":false,"medium_large":false,"large":false,"1536x1536":false,"2048x2048":false,"colormag-highlighted-post":false,"colormag-featured-post-medium":false,"colormag-featured-post-small":false,"colormag-featured-image":false,"colormag-default-news":false,"colormag-featured-image-large":false},"magazineBlocksPostAuthor":{"name":"tania","avatar":"https:\/\/secure.gravatar.com\/avatar\/bbc750f65ffe6910a3fbd6a59dd0cc0b163eb75ca1c96cdd815ad8dfc7d9947e?s=96&d=mm&r=g"},"magazineBlocksPostCommentsNumber":false,"magazineBlocksPostExcerpt":"Secretar\u00eda GeneralFrancisca Staiti (FADIUNC) Secretar\u00eda de FinanzasKarina Dodman (ADIUNPA), titular \u2013 M\u00f3nica Fr\u00edas (ADUF), suplente. Secretar\u00eda AdjuntaOscar Vallejos (ADUL) Secretar\u00eda","magazineBlocksPostCategories":[],"magazineBlocksPostViewCount":0,"magazineBlocksPostReadTime":1,"_links":{"self":[{"href":"https:\/\/conaduh.shanzai.com.ar\/index.php?rest_route=\/wp\/v2\/pages\/1838","targetHints":{"allow":["GET"]}}],"collection":[{"href":"https:\/\/conaduh.shanzai.com.ar\/index.php?rest_route=\/wp\/v2\/pages"}],"about":[{"href":"https:\/\/conaduh.shanzai.com.ar\/index.php?rest_route=\/wp\/v2\/types\/page"}],"author":[{"embeddable":true,"href":"https:\/\/conaduh.shanzai.com.ar\/index.php?rest_route=\/wp\/v2\/users\/2"}],"replies":[{"embeddable":true,"href":"https:\/\/conaduh.shanzai.com.ar\/index.php?rest_route=%2Fwp%2Fv2%2Fcomments&post=1838"}],"version-history":[{"count":28,"href":"https:\/\/conaduh.shanzai.com.ar\/index.php?rest_route=\/wp\/v2\/pages\/1838\/revisions"}],"predecessor-version":[{"id":2359,"href":"https:\/\/conaduh.shanzai.com.ar\/index.php?rest_route=\/wp\/v2\/pages\/1838\/revisions\/2359"}],"wp:attachment":[{"href":"https:\/\/conaduh.shanzai.com.ar\/index.php?rest_route=%2Fwp%2Fv2%2Fmedia&parent=1838"}],"curies":[{"name":"wp","href":"https:\/\/api.w.org\/{rel}","templated":true}]}}